{"id":734,"date":"2018-11-04T10:21:13","date_gmt":"2018-11-04T17:21:13","guid":{"rendered":"http:\/\/www.fantastic-arts.org\/jfa\/?page_id=734"},"modified":"2018-11-04T10:21:13","modified_gmt":"2018-11-04T17:21:13","slug":"jfa-26-1-2015","status":"publish","type":"page","link":"http:\/\/www.fantastic-arts.org\/jfa\/jfa-26-1-2015\/","title":{"rendered":"JFA 26.1 (2015)"},"content":{"rendered":"<h3>Editor\u2019s Introduction<\/h3>\n<p>\u201cIntroduction: Fantastic Empires\u201d<br \/>\nBrian Attebery<\/p>\n<p>While this America settles in the mould of its vulgarity, heavily thickening to empire<\/p>\n<p>And protest, only a bubble in the molten mass, pops and sighs out, and the mass hardens,<\/p>\n<p>I sadly smiling remember that the flower fades to make fruit, the fruit rots to make earth.<\/p>\n<p>Robinson Jeffers, \u201cShine, Perishing Republic\u201d<\/p>\n<p>Robinson Jeffers wrote in 1925 of an America that was transforming before his eyes from republic to empire. What\u2019s the difference? The model he was thinking of was obviously Rome, which, as it grew in size and power, cast off democratic systems and the ideal of public service for luxury, corruption, and hereditary rule by the heirs of Julius Caesar. The American founders had looked to the Roman Republic, not the Empire, as a model, but history seemed to be repeating itself.<\/p>\n<p>When Jeffers wrote his lines, the United States was just beginning to exert influence internationally, though the first stirrings of imperial ambition are visible as early as the 1850s, in the form of adventurers like William Walker. Walker and his ilk are now known as the filibusters, which does not mean that they were Jimmy Stewart talking himself hoarse in the Senate. Rather, they brought soldiers, weapons, and money to Latin America in an effort to overthrow governments and put themselves in power. Walker, for instance, managed briefly to become President of Nicaragua. The official justification for their efforts was not personal aggrandizement but patriotism: they saw themselves as helping to carry out the divine plan or Manifest Destiny of America to expand not only from sea to shining sea but from pole to pole in the Western hemisphere.<\/p>\n<p>The 2014 International Conference on the Fantastic in the Arts was devoted to the idea of empires, primarily as represented within fantastic fictions but also as real-world forces that shape our imagination and channel our forms of expression. As the example of Walker and the filibusters shows, there are many kinds of empire: official and de facto, centralized and distributed, military and economic, religious and corporate. Americans have never liked to think of themselves in imperial terms: we are the Rebel Alliance rather than the evil Empire. We don\u2019t venerate an imperial past as many British people do. We don\u2019t long for the good old days of the Ottoman Empire or the Han Dynasty. Yet we want to create a Pax Americana, to wander the world with a citizen\u2019s impunity: in other words, to emulate not the orators of the Roman Republic but the Ceasars. Both science fiction and fantasy reflect this desire, along with the guilt and doubt that accompany its fulfillment.<\/p>\n<p>Among the various papers, panels, and talks that addressed the Conference theme, many made reference to John Rieder\u2019s pioneering work on the colonial imagination in science fiction. Many before Rieder had noted sf\u2019s debt to the Western genre and the historical frontier, but Rieder goes beyond that insight to explore the political and cultural implications of exploration which is also exploitation\u2014the unacknowledged truth that a frontier is never one-sided; the wilderness is already inhabited.<\/p>\n<p>As usual, the Conference honored three special guests: two fiction writers and a scholar. Each is represented here. Award-winning novelist and teacher Nnedi Okorafor spoke about the devastating effects of empire on people such as her students here in America and residents of the Nigeria of her ancestors and of her imagination. Her (then) forthcoming novel <em>Lagoon<\/em> challenges a number of science fiction conventions by locating an alien first contact story not in Washington D.C. or New York but in a near-future Lagos, a place many empires have washed over, leaving cultural debris and conflict in their wake. Science fiction scholar Istvan Cscicsery Ronay, Jr., also talked about empire and families: his own family fled Hungary for the U. S. after the Communist take-over following World War II. That places him in relation to at least three great world powers: the vanished Austro-Hungarian Empire, the Soviet bloc, and the American political and economic sphere. Neither speaker let the audience sit comfortably: both drew connections between the kind of privilege that allows us to rejoice in works of the imagination and the imperial underpinnings of that privilege. Ian MacDonald spoke on panels and read from his work but did not give a luncheon speech, so I asked scholar Jerome Winter to conduct an email interview with him. Growing up, as he says, on the periphery of a fading empire, MacDonald brings a Northern Irish awareness of colonial rule and of the possibly of overthrowing such rule. His fiction shows this awareness in many ways, including richly imagined futures dominated not by capitalist West or collectivist East but by emergent powers in the South: the India of <em>River of Gods<\/em> and the Amazon basin of <em>Brasyl<\/em>.<\/p>\n<p>In addition to these Guest of Honor contributions, we have five articles on topics related in some way or other to the idea of empire (as what topic is not, these days?). First, Malisa Kurtz examines two recent works of postcolonial sf, Lauren Beukes\u2019s <em>Zoo City<\/em> and Geoff Ryman\u2019s <em>Air<\/em>, in which the view from the margins of empire becomes a new ethical and ontological norm. Kurtz\u2019s sophisticated analysis of difference and discourse was also the winner of last year\u2019s award for best paper presented by a graduate student at the Conference.<\/p>\n<p>Suparno Banerjee writes about the complex relationship between biotechnology and non-Western cultures. At first glance it may seem that multinational corporations and their interventions into genes and bodies represent yet another invasion by the West. It remains to be seen whether an alternative posthumanism can develop within the cultures of India and other former colonies, and thus whether hybridity and Donna Haraway\u2019s cyborg can be enlisted in the fight against political domination and economic exploitation, against empires old and new.<\/p>\n<p>Lisa Nev\u00e1rez\u2019s topic is not empires; however, the juxtaposition with Banerjee\u2019s article suggests that the vampires and victims she writes about can be interpreted in very similar terms of control and exploitation. While Nev\u00e1rez\u2019s emphasis is on medicine and psychological implications of the intersection of motherhood and the vampire, one could argue that the forced maternity narratives of texts like the Twilight series are related to sexualized violence that frequently follows invasions and territorial struggles around the world. The veneer of romance that authors like Stephenie Meyer lay over their fantasies may distract us from the brutal biological struggle for dominance that is implicit in the vampire metaphor.<\/p>\n<p>Aaron Cloyd\u2019s essay on <em>Do Androids Dream of Electric Sheep?<\/em> returns to the wilderness movement of the 1960s. Though Dick is more often viewed as the prophet of simulation and decay than of ecological purity, an environmental consciousness runs through his work, and Cloyd finds in the novel a complex redefinition of wilderness as something contingent, constructed, and thoroughly covered with human tracks, and yet still capable of serving as a source of renewal and resistance\u2014to imperializing forces within the self as well as within the body politic.<\/p>\n<p>Finally, Anne Duggan looks back to an earlier era of clashing empires through the lens of the Arabian Nights tale and its central figure the genie or Jinni. The texts that gave the West its images of an exotic, half-magical Orient were themselves the products of exchanges between Europe and the Middle East, or the French Empire and the Ottoman. Duggan shows how the racialized representations of a being from Arabic\/Islamic folklore, epitomize the fear and fascination with which the West has viewed its nearest Imperial neighbor.<\/p>\n<h3>Articles<\/h3>\n<p>Introduction: Fantastic Empires<br \/>\nBrian Attebery<\/p>\n<p><em>Istvan Csicsery-Ronay, Jr.: An Introduction, by Rob Latham<\/em><\/p>\n<p>Science Fiction and the Imperial Audience<br \/>\nIstvan Csicsery-Ronay, Jr.<\/p>\n<p><em>Nnedi Okorafor: An Introduction, by Siobhan Carroll<\/em><\/p>\n<p>Writing Rage, Truth and Consequence<br \/>\nNnedi Okorafor<\/p>\n<p>Question and Answer for Ian McDonald<br \/>\nIan McDonald and Jerome Winter<\/p>\n<p>Science Fictional Assemblages: SF and Postcolonialism?<br \/>\nMalisa Kurtz<\/p>\n<p>Ruptured Bodies and Invaded Grains: Biotechnology in Indian Science Fiction<br \/>\nSuparno Banerjee<\/p>\n<p>Electric Nature: (Re)Constructing Wilderness in <em>Do Androids Dream of Electric Sheep?<br \/>\n<\/em>Aaron A. Cloyd<\/p>\n<p>What to Expect When You Are Expecting (a Vampire): Reading the Vampire Child<br \/>\nLisa Nev\u00e1rez<\/p>\n<p>From Genie to Efreet: Fantastic Apparitions in the Tales of <em>The Arabian Nights<br \/>\n<\/em>Anne E. Duggan<\/p>\n<p>Political Fantasy and Speculative Fictions<br \/>\nPaul Kincaid<\/p>\n<h3>Reviews<\/h3>\n<p>Rebecca J. Holden and Nisi Shawl\u2019s<em> Strange Matings: Science Fiction, Feminism, African American Voices, and Octavia Butler<br \/>\n<\/em>Rev. by Laurel Bollinger<\/p>\n<p>Julian Chambliss, William Sviatsky, and Thomas Donaldson\u2019s <em>Ages of Heroes, Eras of Men: Superheroes and the American Experience<br \/>\n<\/em>Rev. by Catherine Coker<\/p>\n<p>Jarlath Killeen\u2019s<em> The Emergence of Irish Gothic Fiction: History, Origins, Theories<br \/>\n<\/em>Rev. by Mark De Cicco<\/p>\n<p>Gerald Alva Miller, Jr.\u2019s<em> Exploring the Limits of the Human through Science Fiction<br \/>\n<\/em>Rev. by Shaun Duke<\/p>\n<p>William F. Touponce\u2019s<em> Lord Dunsany, H. P. Lovecraft, and Ray Bradbury: Spectral Journeys<br \/>\n<\/em>Rev. by Timothy Evans<\/p>\n<p>Stefan Ekman\u2019s<em> Here Be Dragons: Exploring Fantasy Maps and Settings<br \/>\n<\/em>Rev. by Caitlin Herington<\/p>\n<p>Jeffrey Andrew Weinstock\u2019s <em>The Ashgate Encyclopedia of Literary and Cinematic Monsters<br \/>\n<\/em>Rev. by Jim Holte<\/p>\n<p>Mark Bould\u2019s <em>Africa SF<br \/>\n<\/em>Rev. by Isiah Lavender, III<\/p>\n<p>Monika Elbert and Bridget M. Marshall\u2019s <em>Transnational Gothic: Literary and Social Exchanges in the Long Nineteenth Century<br \/>\n<\/em>Rev. by Leigha McReynolds<\/p>\n<p>Sue Zlosnik\u2019s <em>Patrick McGrath (Gothic Authors: Critical Revisions)<br \/>\n<\/em>Rev. by Sean Moreland<\/p>\n<p>Robert T. Tally, Jr.\u2019s <em>Utopia in the Age of Globalization: Space, Representation, and the World-System <\/em><em><br \/>\n<\/em>Rev. by Irene Morrison<\/p>\n<p>Valentina Polcini\u2019s <em>Oltre la fantascienza: Paradigmi e intertestualit\u00e0 nella narrativa di J. G. Ballard. [<\/em>Beyond Science Fiction: Paradigms and Intertextuality in J. G. Ballard\u2019s Fiction<em>]<br \/>\n<\/em>Rev. by Salvatore Proietti<\/p>\n<p>Guilhem Armand\u2019s <em>Les Fictions \u00e0 vocation scientifique de Cyrano de Bergerac \u00e0 Diderot: Vers une po\u00e9tique hybride. [<\/em>Fiction with a Scientific Vocation from Cyrano de Bergerac to Diderot: Towards a Hybrid Poetics<em>]<br \/>\n<\/em>Rev. by Amy Ransom<\/p>\n<p>Cynthia Sugar\u2019s <em>Canadian Gothic: Literature, History and the Spectre of Self-Invention<br \/>\n<\/em>Rev. by Amy Ransom<\/p>\n<p>T. Joshi\u2019s <em>Critical Essays on Lord Dunsany<br \/>\n<\/em>Rev. by Eric Reinders<\/p>\n<p>Adam Roberts\u2019s <em>The Riddles of <\/em>The Hobbit<br \/>\nRev. by Don Riggs<\/p>\n<p>Robert S. Blackham\u2019s <em>Tolkien and the Peril of War<br \/>\n<\/em>Rev. by W. A. Senior<\/p>\n<p>Joanne Watkiss\u2019s <em>Gothic Contemporaries: The Haunted Text<br \/>\n<\/em>Rev. by Brittany Warman<\/p>\n<p>Peter Szendy\u2019s <em>Kant in the Land of Extraterrestrials: Cosmopolitical Philosofictions<br \/>\n<\/em>Rev. by Jerome Winter<\/p>\n","protected":false},"excerpt":{"rendered":"<p>Editor\u2019s Introduction \u201cIntroduction: Fantastic Empires\u201d Brian Attebery While this America settles in the mould of its vulgarity, heavily thickening to empire And protest, only a bubble in the molten mass, pops and sighs out, and the mass hardens, I sadly smiling remember that the flower fades to make fruit, the fruit rots to make earth. [&hellip;]<\/p>\n","protected":false},"author":2,"featured_media":0,"parent":0,"menu_order":0,"comment_status":"closed","ping_status":"closed","template":"","meta":{"footnotes":""},"class_list":["post-734","page","type-page","status-publish","hentry"],"_links":{"self":[{"href":"http:\/\/www.fantastic-arts.org\/jfa\/wp-json\/wp\/v2\/pages\/734","targetHints":{"allow":["GET"]}}],"collection":[{"href":"http:\/\/www.fantastic-arts.org\/jfa\/wp-json\/wp\/v2\/pages"}],"about":[{"href":"http:\/\/www.fantastic-arts.org\/jfa\/wp-json\/wp\/v2\/types\/page"}],"author":[{"embeddable":true,"href":"http:\/\/www.fantastic-arts.org\/jfa\/wp-json\/wp\/v2\/users\/2"}],"replies":[{"embeddable":true,"href":"http:\/\/www.fantastic-arts.org\/jfa\/wp-json\/wp\/v2\/comments?post=734"}],"version-history":[{"count":1,"href":"http:\/\/www.fantastic-arts.org\/jfa\/wp-json\/wp\/v2\/pages\/734\/revisions"}],"predecessor-version":[{"id":735,"href":"http:\/\/www.fantastic-arts.org\/jfa\/wp-json\/wp\/v2\/pages\/734\/revisions\/735"}],"wp:attachment":[{"href":"http:\/\/www.fantastic-arts.org\/jfa\/wp-json\/wp\/v2\/media?parent=734"}],"curies":[{"name":"wp","href":"https:\/\/api.w.org\/{rel}","templated":true}]}}